{"id":884,"date":"2023-03-03T13:07:24","date_gmt":"2023-03-03T13:07:24","guid":{"rendered":"https:\/\/fgselladoras.cl\/?post_type=product&#038;p=884"},"modified":"2024-09-03T21:16:53","modified_gmt":"2024-09-03T21:16:53","slug":"sp-600-calor-en-ambas-barras","status":"publish","type":"product","link":"https:\/\/fgselladoras.cl\/index.php\/producto\/sp-600-calor-en-ambas-barras\/","title":{"rendered":"SP 600 CALOR EN AMBAS BARRAS CON NICROM 3 mm"},"content":{"rendered":"<p><b><i>MAQUINA SELLADORA MODELO SP (sellado horizontal)<\/i><\/b><\/p>\n<p><span style=\"font-weight: 400;\">M\u00e1quina selladora de fabricaci\u00f3n nacional para polietileno y polipropileno, de impulso, versi\u00f3n pedestal. Selladora dise\u00f1ada para una alta producci\u00f3n.<\/span><b><i><\/i><\/b><\/p>\n<p><span style=\"font-weight: 400;\">Cuenta con:<\/span><\/p>\n<p><span style=\"font-weight: 400;\">\u2013 Estructura met\u00e1lica, protegida completamente con pintura laca piroxilina, con una base de imprimaci\u00f3n anticorrosiva.<\/span><\/p>\n<p><span style=\"font-weight: 400;\">\u2013 Bandeja regulable a la altura del paquete a sellar.<\/span><\/p>\n<p><span style=\"font-weight: 400;\">\u2013 Brazos cromados, que sostienen barras selladoras r\u00edgidas, para un sellado herm\u00e9tico.<\/span><\/p>\n<p><span style=\"font-weight: 400;\">\u2013 Tefl\u00f3n y nicr\u00f3n originales, para realizar el proceso de sellado.<\/span><\/p>\n<p><span style=\"font-weight: 400;\">\u2013 Transformador anti incendios, para una mayor seguridad.<\/span><\/p>\n<p><span style=\"font-weight: 400;\">\u2013 Alarma auditiva electr\u00f3nica, operada con un potenci\u00f3metro externo, regula el tiempo de sellado seg\u00fan el espesor del film a emplear.<\/span><\/p>\n<p><span style=\"font-weight: 400;\">\u2013 Garant\u00eda 1 a\u00f1o por componentes electr\u00f3nicos y estructurales<\/span><\/p>\n<p>&nbsp;<\/p>\n","protected":false},"excerpt":{"rendered":"<p><a href=\"https:\/\/fgselladoras.cl\/index.php\/cotiza\/\"><img decoding=\"async\" class=\"alignnone wp-image-663 size-medium lazyload\" data-src=\"https:\/\/fgselladoras.cl\/wp-content\/uploads\/2023\/03\/Boton-Cotizar.webp\" alt=\"\" width=\"300\" height=\"95\" src=\"data:image\/svg+xml;base64,PHN2ZyB3aWR0aD0iMSIgaGVpZ2h0PSIxIiB4bWxucz0iaHR0cDovL3d3dy53My5vcmcvMjAwMC9zdmciPjwvc3ZnPg==\" style=\"--smush-placeholder-width: 300px; --smush-placeholder-aspect-ratio: 300\/95;\" \/><\/a><\/p>\n","protected":false},"featured_media":886,"comment_status":"open","ping_status":"closed","template":"","meta":{"site-sidebar-layout":"default","site-content-layout":"default","ast-site-content-layout":"default","site-content-style":"default","site-sidebar-style":"default","ast-global-header-display":"","ast-banner-title-visibility":"","ast-main-header-display":"","ast-hfb-above-header-display":"","ast-hfb-below-header-display":"","ast-hfb-mobile-header-display":"","site-post-title":"","ast-breadcrumbs-content":"","ast-featured-img":"","footer-sml-layout":"disabled","ast-disable-related-posts":"","theme-transparent-header-meta":"default","adv-header-id-meta":"","stick-header-meta":"","header-above-stick-meta":"","header-main-stick-meta":"","header-below-stick-meta":"","astra-migrate-meta-layouts":"default","ast-page-background-enabled":"default","ast-page-background-meta":{"desktop":{"background-color":"var(--ast-global-color-4)","background-image":"","background-repeat":"repeat","background-position":"center center","background-size":"auto","background-attachment":"scroll","background-type":"","background-media":"","overlay-type":"","overlay-color":"","overlay-opacity":"","overlay-gradient":""},"tablet":{"background-color":"","background-image":"","background-repeat":"repeat","background-position":"center center","background-size":"auto","background-attachment":"scroll","background-type":"","background-media":"","overlay-type":"","overlay-color":"","overlay-opacity":"","overlay-gradient":""},"mobile":{"background-color":"","background-image":"","background-repeat":"repeat","background-position":"center center","background-size":"auto","background-attachment":"scroll","background-type":"","background-media":"","overlay-type":"","overlay-color":"","overlay-opacity":"","overlay-gradient":""}},"ast-content-background-meta":{"desktop":{"background-color":"var(--ast-global-color-5)","background-image":"","background-repeat":"repeat","background-position":"center center","background-size":"auto","background-attachment":"scroll","background-type":"","background-media":"","overlay-type":"","overlay-color":"","overlay-opacity":"","overlay-gradient":""},"tablet":{"background-color":"var(--ast-global-color-5)","background-image":"","background-repeat":"repeat","background-position":"center center","background-size":"auto","background-attachment":"scroll","background-type":"","background-media":"","overlay-type":"","overlay-color":"","overlay-opacity":"","overlay-gradient":""},"mobile":{"background-color":"var(--ast-global-color-5)","background-image":"","background-repeat":"repeat","background-position":"center center","background-size":"auto","background-attachment":"scroll","background-type":"","background-media":"","overlay-type":"","overlay-color":"","overlay-opacity":"","overlay-gradient":""}}},"product_brand":[],"product_cat":[56,50],"product_tag":[],"class_list":{"0":"post-884","1":"product","2":"type-product","3":"status-publish","4":"has-post-thumbnail","6":"product_cat-pedestal","7":"product_cat-selladoras","8":"desktop-align-left","9":"tablet-align-left","10":"mobile-align-left","12":"first","13":"instock","14":"taxable","15":"shipping-taxable","16":"product-type-simple"},"yoast_head":"<!-- This site is optimized with the Yoast SEO plugin v27.0 - https:\/\/yoast.com\/product\/yoast-seo-wordpress\/ -->\n<title>SP 600 CALOR EN AMBAS BARRAS CON NICROM 3 mm - FG Selladoras<\/title>\n<meta name=\"robots\" content=\"index, follow, max-snippet:-1, max-image-preview:large, max-video-preview:-1\" \/>\n<link rel=\"canonical\" href=\"https:\/\/fgselladoras.cl\/index.php\/producto\/sp-600-calor-en-ambas-barras\/\" \/>\n<meta property=\"og:locale\" content=\"es_ES\" \/>\n<meta property=\"og:type\" content=\"article\" \/>\n<meta property=\"og:title\" content=\"SP 600 CALOR EN AMBAS BARRAS CON NICROM 3 mm - FG Selladoras\" \/>\n<meta property=\"og:url\" content=\"https:\/\/fgselladoras.cl\/index.php\/producto\/sp-600-calor-en-ambas-barras\/\" \/>\n<meta property=\"og:site_name\" content=\"FG Selladoras\" \/>\n<meta property=\"article:modified_time\" content=\"2024-09-03T21:16:53+00:00\" \/>\n<meta property=\"og:image\" content=\"https:\/\/fgselladoras.cl\/wp-content\/uploads\/2023\/03\/SP-600.webp\" \/>\n\t<meta property=\"og:image:width\" content=\"600\" \/>\n\t<meta property=\"og:image:height\" content=\"600\" \/>\n\t<meta property=\"og:image:type\" content=\"image\/webp\" \/>\n<meta name=\"twitter:card\" content=\"summary_large_image\" \/>\n<meta name=\"twitter:label1\" content=\"Tiempo de lectura\" \/>\n\t<meta name=\"twitter:data1\" content=\"1 minuto\" \/>\n<script type=\"application\/ld+json\" class=\"yoast-schema-graph\">{\"@context\":\"https:\/\/schema.org\",\"@graph\":[{\"@type\":\"WebPage\",\"@id\":\"https:\/\/fgselladoras.cl\/index.php\/producto\/sp-600-calor-en-ambas-barras\/\",\"url\":\"https:\/\/fgselladoras.cl\/index.php\/producto\/sp-600-calor-en-ambas-barras\/\",\"name\":\"SP 600 CALOR EN AMBAS BARRAS CON NICROM 3 mm - FG Selladoras\",\"isPartOf\":{\"@id\":\"https:\/\/fgselladoras.cl\/#website\"},\"primaryImageOfPage\":{\"@id\":\"https:\/\/fgselladoras.cl\/index.php\/producto\/sp-600-calor-en-ambas-barras\/#primaryimage\"},\"image\":{\"@id\":\"https:\/\/fgselladoras.cl\/index.php\/producto\/sp-600-calor-en-ambas-barras\/#primaryimage\"},\"thumbnailUrl\":\"https:\/\/fgselladoras.cl\/wp-content\/uploads\/2023\/03\/SP-600.webp\",\"datePublished\":\"2023-03-03T13:07:24+00:00\",\"dateModified\":\"2024-09-03T21:16:53+00:00\",\"breadcrumb\":{\"@id\":\"https:\/\/fgselladoras.cl\/index.php\/producto\/sp-600-calor-en-ambas-barras\/#breadcrumb\"},\"inLanguage\":\"es\",\"potentialAction\":[{\"@type\":\"ReadAction\",\"target\":[\"https:\/\/fgselladoras.cl\/index.php\/producto\/sp-600-calor-en-ambas-barras\/\"]}]},{\"@type\":\"ImageObject\",\"inLanguage\":\"es\",\"@id\":\"https:\/\/fgselladoras.cl\/index.php\/producto\/sp-600-calor-en-ambas-barras\/#primaryimage\",\"url\":\"https:\/\/fgselladoras.cl\/wp-content\/uploads\/2023\/03\/SP-600.webp\",\"contentUrl\":\"https:\/\/fgselladoras.cl\/wp-content\/uploads\/2023\/03\/SP-600.webp\",\"width\":600,\"height\":600},{\"@type\":\"BreadcrumbList\",\"@id\":\"https:\/\/fgselladoras.cl\/index.php\/producto\/sp-600-calor-en-ambas-barras\/#breadcrumb\",\"itemListElement\":[{\"@type\":\"ListItem\",\"position\":1,\"name\":\"Portada\",\"item\":\"https:\/\/fgselladoras.cl\/\"},{\"@type\":\"ListItem\",\"position\":2,\"name\":\"Tienda\",\"item\":\"https:\/\/fgselladoras.cl\/index.php\/tienda\/\"},{\"@type\":\"ListItem\",\"position\":3,\"name\":\"SP 600 CALOR EN AMBAS BARRAS CON NICROM 3 mm\"}]},{\"@type\":\"WebSite\",\"@id\":\"https:\/\/fgselladoras.cl\/#website\",\"url\":\"https:\/\/fgselladoras.cl\/\",\"name\":\"FG Selladoras\",\"description\":\"FG Selladoras Ltda.\",\"publisher\":{\"@id\":\"https:\/\/fgselladoras.cl\/#organization\"},\"potentialAction\":[{\"@type\":\"SearchAction\",\"target\":{\"@type\":\"EntryPoint\",\"urlTemplate\":\"https:\/\/fgselladoras.cl\/?s={search_term_string}\"},\"query-input\":{\"@type\":\"PropertyValueSpecification\",\"valueRequired\":true,\"valueName\":\"search_term_string\"}}],\"inLanguage\":\"es\"},{\"@type\":\"Organization\",\"@id\":\"https:\/\/fgselladoras.cl\/#organization\",\"name\":\"FG Selladoras\",\"url\":\"https:\/\/fgselladoras.cl\/\",\"logo\":{\"@type\":\"ImageObject\",\"inLanguage\":\"es\",\"@id\":\"https:\/\/fgselladoras.cl\/#\/schema\/logo\/image\/\",\"url\":\"https:\/\/fgselladoras.cl\/wp-content\/uploads\/2022\/05\/cropped-cropped-logoFG-Color1-e1712000472378.png\",\"contentUrl\":\"https:\/\/fgselladoras.cl\/wp-content\/uploads\/2022\/05\/cropped-cropped-logoFG-Color1-e1712000472378.png\",\"width\":511,\"height\":465,\"caption\":\"FG Selladoras\"},\"image\":{\"@id\":\"https:\/\/fgselladoras.cl\/#\/schema\/logo\/image\/\"}}]}<\/script>\n<!-- \/ Yoast SEO plugin. -->","yoast_head_json":{"title":"SP 600 CALOR EN AMBAS BARRAS CON NICROM 3 mm - FG Selladoras","robots":{"index":"index","follow":"follow","max-snippet":"max-snippet:-1","max-image-preview":"max-image-preview:large","max-video-preview":"max-video-preview:-1"},"canonical":"https:\/\/fgselladoras.cl\/index.php\/producto\/sp-600-calor-en-ambas-barras\/","og_locale":"es_ES","og_type":"article","og_title":"SP 600 CALOR EN AMBAS BARRAS CON NICROM 3 mm - FG Selladoras","og_url":"https:\/\/fgselladoras.cl\/index.php\/producto\/sp-600-calor-en-ambas-barras\/","og_site_name":"FG Selladoras","article_modified_time":"2024-09-03T21:16:53+00:00","og_image":[{"width":600,"height":600,"url":"https:\/\/fgselladoras.cl\/wp-content\/uploads\/2023\/03\/SP-600.webp","type":"image\/webp"}],"twitter_card":"summary_large_image","twitter_misc":{"Tiempo de lectura":"1 minuto"},"schema":{"@context":"https:\/\/schema.org","@graph":[{"@type":"WebPage","@id":"https:\/\/fgselladoras.cl\/index.php\/producto\/sp-600-calor-en-ambas-barras\/","url":"https:\/\/fgselladoras.cl\/index.php\/producto\/sp-600-calor-en-ambas-barras\/","name":"SP 600 CALOR EN AMBAS BARRAS CON NICROM 3 mm - FG Selladoras","isPartOf":{"@id":"https:\/\/fgselladoras.cl\/#website"},"primaryImageOfPage":{"@id":"https:\/\/fgselladoras.cl\/index.php\/producto\/sp-600-calor-en-ambas-barras\/#primaryimage"},"image":{"@id":"https:\/\/fgselladoras.cl\/index.php\/producto\/sp-600-calor-en-ambas-barras\/#primaryimage"},"thumbnailUrl":"https:\/\/fgselladoras.cl\/wp-content\/uploads\/2023\/03\/SP-600.webp","datePublished":"2023-03-03T13:07:24+00:00","dateModified":"2024-09-03T21:16:53+00:00","breadcrumb":{"@id":"https:\/\/fgselladoras.cl\/index.php\/producto\/sp-600-calor-en-ambas-barras\/#breadcrumb"},"inLanguage":"es","potentialAction":[{"@type":"ReadAction","target":["https:\/\/fgselladoras.cl\/index.php\/producto\/sp-600-calor-en-ambas-barras\/"]}]},{"@type":"ImageObject","inLanguage":"es","@id":"https:\/\/fgselladoras.cl\/index.php\/producto\/sp-600-calor-en-ambas-barras\/#primaryimage","url":"https:\/\/fgselladoras.cl\/wp-content\/uploads\/2023\/03\/SP-600.webp","contentUrl":"https:\/\/fgselladoras.cl\/wp-content\/uploads\/2023\/03\/SP-600.webp","width":600,"height":600},{"@type":"BreadcrumbList","@id":"https:\/\/fgselladoras.cl\/index.php\/producto\/sp-600-calor-en-ambas-barras\/#breadcrumb","itemListElement":[{"@type":"ListItem","position":1,"name":"Portada","item":"https:\/\/fgselladoras.cl\/"},{"@type":"ListItem","position":2,"name":"Tienda","item":"https:\/\/fgselladoras.cl\/index.php\/tienda\/"},{"@type":"ListItem","position":3,"name":"SP 600 CALOR EN AMBAS BARRAS CON NICROM 3 mm"}]},{"@type":"WebSite","@id":"https:\/\/fgselladoras.cl\/#website","url":"https:\/\/fgselladoras.cl\/","name":"FG Selladoras","description":"FG Selladoras Ltda.","publisher":{"@id":"https:\/\/fgselladoras.cl\/#organization"},"potentialAction":[{"@type":"SearchAction","target":{"@type":"EntryPoint","urlTemplate":"https:\/\/fgselladoras.cl\/?s={search_term_string}"},"query-input":{"@type":"PropertyValueSpecification","valueRequired":true,"valueName":"search_term_string"}}],"inLanguage":"es"},{"@type":"Organization","@id":"https:\/\/fgselladoras.cl\/#organization","name":"FG Selladoras","url":"https:\/\/fgselladoras.cl\/","logo":{"@type":"ImageObject","inLanguage":"es","@id":"https:\/\/fgselladoras.cl\/#\/schema\/logo\/image\/","url":"https:\/\/fgselladoras.cl\/wp-content\/uploads\/2022\/05\/cropped-cropped-logoFG-Color1-e1712000472378.png","contentUrl":"https:\/\/fgselladoras.cl\/wp-content\/uploads\/2022\/05\/cropped-cropped-logoFG-Color1-e1712000472378.png","width":511,"height":465,"caption":"FG Selladoras"},"image":{"@id":"https:\/\/fgselladoras.cl\/#\/schema\/logo\/image\/"}}]}},"_links":{"self":[{"href":"https:\/\/fgselladoras.cl\/index.php\/wp-json\/wp\/v2\/product\/884","targetHints":{"allow":["GET"]}}],"collection":[{"href":"https:\/\/fgselladoras.cl\/index.php\/wp-json\/wp\/v2\/product"}],"about":[{"href":"https:\/\/fgselladoras.cl\/index.php\/wp-json\/wp\/v2\/types\/product"}],"replies":[{"embeddable":true,"href":"https:\/\/fgselladoras.cl\/index.php\/wp-json\/wp\/v2\/comments?post=884"}],"wp:featuredmedia":[{"embeddable":true,"href":"https:\/\/fgselladoras.cl\/index.php\/wp-json\/wp\/v2\/media\/886"}],"wp:attachment":[{"href":"https:\/\/fgselladoras.cl\/index.php\/wp-json\/wp\/v2\/media?parent=884"}],"wp:term":[{"taxonomy":"product_brand","embeddable":true,"href":"https:\/\/fgselladoras.cl\/index.php\/wp-json\/wp\/v2\/product_brand?post=884"},{"taxonomy":"product_cat","embeddable":true,"href":"https:\/\/fgselladoras.cl\/index.php\/wp-json\/wp\/v2\/product_cat?post=884"},{"taxonomy":"product_tag","embeddable":true,"href":"https:\/\/fgselladoras.cl\/index.php\/wp-json\/wp\/v2\/product_tag?post=884"}],"curies":[{"name":"wp","href":"https:\/\/api.w.org\/{rel}","templated":true}]}}